{"id":654,"date":"2022-05-03T10:00:41","date_gmt":"2022-05-03T08:00:41","guid":{"rendered":"http:\/\/sanvitoesomaschini.demobbl.it\/engineering-co-design-expertise-to-shape-your-ideas\/"},"modified":"2022-05-23T15:40:30","modified_gmt":"2022-05-23T13:40:30","slug":"engineering-co-design-expertise-to-shape-your-ideas","status":"publish","type":"page","link":"http:\/\/sanvitoesomaschini.demobbl.it\/de\/soluzioni\/engineering-co-design-expertise-to-shape-your-ideas\/","title":{"rendered":"ENGINEERING: CO-DESIGN EXPERTISE TO SHAPE YOUR IDEAS"},"content":{"rendered":"\n<div class=\"wp-block-image\"><figure class=\"alignleft size-large is-resized\"><img loading=\"lazy\" src=\"http:\/\/sanvitoesomaschini.demobbl.it\/wp-content\/uploads\/2022\/05\/Schermata-2022-05-03-alle-12.29.13-1024x664.png\" alt=\"\" class=\"wp-image-159\" width=\"532\" height=\"344\" srcset=\"http:\/\/sanvitoesomaschini.demobbl.it\/wp-content\/uploads\/2022\/05\/Schermata-2022-05-03-alle-12.29.13-1024x664.png 1024w, http:\/\/sanvitoesomaschini.demobbl.it\/wp-content\/uploads\/2022\/05\/Schermata-2022-05-03-alle-12.29.13-300x195.png 300w, http:\/\/sanvitoesomaschini.demobbl.it\/wp-content\/uploads\/2022\/05\/Schermata-2022-05-03-alle-12.29.13-768x498.png 768w, http:\/\/sanvitoesomaschini.demobbl.it\/wp-content\/uploads\/2022\/05\/Schermata-2022-05-03-alle-12.29.13.png 1286w\" sizes=\"(max-width: 532px) 100vw, 532px\" \/><\/figure><\/div>\n\n\n\n<p><strong><strong>Vision, Design und Innovation<\/strong><\/strong><\/p>\n\n\n\n<p>Um die Bed\u00fcrfnisse unserer Kunden bestm\u00f6glich zu erf\u00fcllen, muss man ein Hochleistungsprojekt schaffen, das Design und hohen technologischen Inhalt kombiniert. Die Zufriedenheit unserer Kunden wird durch ein Werkzeug mit hohen Qualit\u00e4tsstandards gegeben.<\/p>\n\n\n\n<p>Die st\u00e4ndigen Investitionen in R&amp;D haben Sanvito &amp; Somaschini erm\u00f6glicht, eine hochqualifizierte Designabteilung zu organisieren, die in jeder Phase des Co-Designs und der Machbarkeit mit ihren Partnern mitarbeitet.<\/p>\n\n\n\n<h2><strong><strong>Unsere Dienstleistungen von Engineering und Co-design<\/strong><\/strong><\/h2>\n\n\n\n<div class=\"wp-block-image\"><figure class=\"alignright size-full\"><img loading=\"lazy\" width=\"500\" height=\"500\" src=\"http:\/\/sanvitoesomaschini.demobbl.it\/wp-content\/uploads\/2022\/05\/inforgrafica2-2.png\" alt=\"\" class=\"wp-image-383\" srcset=\"http:\/\/sanvitoesomaschini.demobbl.it\/wp-content\/uploads\/2022\/05\/inforgrafica2-2.png 500w, http:\/\/sanvitoesomaschini.demobbl.it\/wp-content\/uploads\/2022\/05\/inforgrafica2-2-300x300.png 300w, http:\/\/sanvitoesomaschini.demobbl.it\/wp-content\/uploads\/2022\/05\/inforgrafica2-2-150x150.png 150w\" sizes=\"(max-width: 500px) 100vw, 500px\" \/><\/figure><\/div>\n\n\n\n<ul type=\"1\"><li><strong>Feasibility<\/strong>: Machbarkeitsstudie basierend auf dem 3D-Design des Stilb\u00fcros.<\/li><li><strong>Co-design<\/strong>: Schaffung eines funktionalen und \u00e4sthetisch exklusiven Designs, das in der Lage ist, die Produktionskosten zu reduzieren.<\/li><li><strong>Design<\/strong>: Wir erwecken das Werkzeug und alle seine Komponenten zum Leben, um ein Modell zu erstellen, das allen Parametern des Formprozesses entspricht.<\/li><li><strong>Mold-flow<\/strong>: Analyse und Definition der Anzahl und Position der Injektionspunkte sowie der Er\u00f6ffnungssequenz.<\/li><li><strong>Cooling<\/strong>: Analyse und thermische Simulation der Leistung des Stahls und des Formelements, um absolute Pr\u00e4zision zu sichern.<\/li><li><strong>Kinematic Analysis<\/strong>: Analyse und Simulation jeder Bewegung des Werkzeuges in der Presse f\u00fcr eine konstante Leistung im Laufe der Zeit.<\/li><li><strong>FEM Analysis<\/strong>: Strukturanalyse und Simulation, um Robustheit, Langlebigkeit und Kontinuit\u00e4t w\u00e4hrend des gesamten Produktionszyklus zu sichern.<\/li><\/ul>\n\n\n\n<p><\/p>\n","protected":false},"excerpt":{"rendered":"<p>Vision, Design und Innovation Um die Bed\u00fcrfnisse unserer Kunden bestm\u00f6glich zu erf\u00fcllen, muss man ein Hochleistungsprojekt schaffen, das Design und hohen technologischen Inhalt kombiniert. Die Zufriedenheit unserer Kunden wird durch ein Werkzeug mit hohen Qualit\u00e4tsstandards gegeben. Die st\u00e4ndigen Investitionen in R&amp;D haben Sanvito &amp; Somaschini erm\u00f6glicht, eine hochqualifizierte Designabteilung zu organisieren, die in jeder Phase [&hellip;]<\/p>\n","protected":false},"author":1,"featured_media":0,"parent":724,"menu_order":0,"comment_status":"closed","ping_status":"closed","template":"","meta":[],"acf":[],"_links":{"self":[{"href":"http:\/\/sanvitoesomaschini.demobbl.it\/de\/wp-json\/wp\/v2\/pages\/654"}],"collection":[{"href":"http:\/\/sanvitoesomaschini.demobbl.it\/de\/wp-json\/wp\/v2\/pages"}],"about":[{"href":"http:\/\/sanvitoesomaschini.demobbl.it\/de\/wp-json\/wp\/v2\/types\/page"}],"author":[{"embeddable":true,"href":"http:\/\/sanvitoesomaschini.demobbl.it\/de\/wp-json\/wp\/v2\/users\/1"}],"replies":[{"embeddable":true,"href":"http:\/\/sanvitoesomaschini.demobbl.it\/de\/wp-json\/wp\/v2\/comments?post=654"}],"version-history":[{"count":2,"href":"http:\/\/sanvitoesomaschini.demobbl.it\/de\/wp-json\/wp\/v2\/pages\/654\/revisions"}],"predecessor-version":[{"id":897,"href":"http:\/\/sanvitoesomaschini.demobbl.it\/de\/wp-json\/wp\/v2\/pages\/654\/revisions\/897"}],"up":[{"embeddable":true,"href":"http:\/\/sanvitoesomaschini.demobbl.it\/de\/wp-json\/wp\/v2\/pages\/724"}],"wp:attachment":[{"href":"http:\/\/sanvitoesomaschini.demobbl.it\/de\/wp-json\/wp\/v2\/media?parent=654"}],"curies":[{"name":"wp","href":"https:\/\/api.w.org\/{rel}","templated":true}]}}