{"id":658,"date":"2022-05-03T10:30:20","date_gmt":"2022-05-03T08:30:20","guid":{"rendered":"http:\/\/sanvitoesomaschini.demobbl.it\/assembling-building-perfection-is-a-matter-of-details\/"},"modified":"2022-05-23T22:48:20","modified_gmt":"2022-05-23T20:48:20","slug":"assembling-building-perfection-is-a-matter-of-details","status":"publish","type":"page","link":"http:\/\/sanvitoesomaschini.demobbl.it\/de\/soluzioni\/assembling-building-perfection-is-a-matter-of-details\/","title":{"rendered":"ASSEMBLING: BUILDING PERFECTION IS A MATTER OF DETAILS"},"content":{"rendered":"\n<p><strong><strong>Handwerkskunst, Know-How, Pr\u00e4zision<\/strong>.<\/strong><\/p>\n\n\n\n<p>Die Montagephase bestimmt das Endergebnis unseres Werkzeuges und wird der Handwerkskunst unserer erfahrensten Techniker anvertraut. <br>Die richtige Positionierung jedes Bauteils und die perfekte Tuschierung der Schlie\u00dffl\u00e4chen ist ein <strong>feines Gleichgewicht aus Erfahrung, Kompetenz und Strenge<\/strong>, die die Teams von Generation zu Generation weitergeben.<\/p>\n\n\n\n<p>Das Ergebnis ist ein <strong>einzigartiges Werkzeug<\/strong>, \u00e4u\u00dferst pr\u00e4zise, widerstandsf\u00e4hig und in der Lage, eine dauerhafte und qualitativ einwandfreie Leistung zu garantieren. Die manuellen Polierf\u00e4higkeiten unserer Mitarbeiter erm\u00f6glicht uns, das erste Try-Out mit hohen Qualit\u00e4tsstandards zu erreichen.<\/p>\n","protected":false},"excerpt":{"rendered":"<p>Handwerkskunst, Know-How, Pr\u00e4zision. Die Montagephase bestimmt das Endergebnis unseres Werkzeuges und wird der Handwerkskunst unserer erfahrensten Techniker anvertraut. Die richtige Positionierung jedes Bauteils und die perfekte Tuschierung der Schlie\u00dffl\u00e4chen ist ein feines Gleichgewicht aus Erfahrung, Kompetenz und Strenge, die die Teams von Generation zu Generation weitergeben. Das Ergebnis ist ein einzigartiges Werkzeug, \u00e4u\u00dferst pr\u00e4zise, widerstandsf\u00e4hig [&hellip;]<\/p>\n","protected":false},"author":1,"featured_media":0,"parent":724,"menu_order":0,"comment_status":"closed","ping_status":"closed","template":"","meta":[],"acf":[],"_links":{"self":[{"href":"http:\/\/sanvitoesomaschini.demobbl.it\/de\/wp-json\/wp\/v2\/pages\/658"}],"collection":[{"href":"http:\/\/sanvitoesomaschini.demobbl.it\/de\/wp-json\/wp\/v2\/pages"}],"about":[{"href":"http:\/\/sanvitoesomaschini.demobbl.it\/de\/wp-json\/wp\/v2\/types\/page"}],"author":[{"embeddable":true,"href":"http:\/\/sanvitoesomaschini.demobbl.it\/de\/wp-json\/wp\/v2\/users\/1"}],"replies":[{"embeddable":true,"href":"http:\/\/sanvitoesomaschini.demobbl.it\/de\/wp-json\/wp\/v2\/comments?post=658"}],"version-history":[{"count":4,"href":"http:\/\/sanvitoesomaschini.demobbl.it\/de\/wp-json\/wp\/v2\/pages\/658\/revisions"}],"predecessor-version":[{"id":1016,"href":"http:\/\/sanvitoesomaschini.demobbl.it\/de\/wp-json\/wp\/v2\/pages\/658\/revisions\/1016"}],"up":[{"embeddable":true,"href":"http:\/\/sanvitoesomaschini.demobbl.it\/de\/wp-json\/wp\/v2\/pages\/724"}],"wp:attachment":[{"href":"http:\/\/sanvitoesomaschini.demobbl.it\/de\/wp-json\/wp\/v2\/media?parent=658"}],"curies":[{"name":"wp","href":"https:\/\/api.w.org\/{rel}","templated":true}]}}