{"id":666,"date":"2022-05-03T10:20:07","date_gmt":"2022-05-03T08:20:07","guid":{"rendered":"http:\/\/sanvitoesomaschini.demobbl.it\/mechanical-machining-mechanics-precision-and-handcrafted-vision\/"},"modified":"2022-05-23T15:58:13","modified_gmt":"2022-05-23T13:58:13","slug":"mechanical-machining-mechanics-precision-and-handcrafted-vision","status":"publish","type":"page","link":"http:\/\/sanvitoesomaschini.demobbl.it\/de\/soluzioni\/mechanical-machining-mechanics-precision-and-handcrafted-vision\/","title":{"rendered":"MECHANICAL MACHINING: MECHANICS PRECISION AND HANDCRAFTED VISION"},"content":{"rendered":"\n<p><strong><strong><strong>Strenge, Geschwindigkeit, Effizienz.<\/strong><\/strong><\/strong><\/p>\n\n\n\n<p>Um dem Material Form zu geben, werden zwei Elemente ben\u00f6tigt, die sich ebenso unterscheiden wie erg\u00e4nzen: ein Produktionsraum mit modernsten Maschinen und einem hochqualifizierten und erfahrenen Team.<\/p>\n\n\n\n<p>In unserem Werk von \u00fcber 5.500 qm in Carate Brianza finden die wichtigsten mechanischen Verarbeitungen statt, vom Schruppen der Stahlbl\u00f6cke, um dem Werkzeug die erste Form zu geben, durch Semi-Finishing, Bohren und Erosion.<\/p>\n\n\n\n<p>Die Einzelteile der Werkzeuge von Sanvito &amp; Somaschini, die gro\u00df sind oder f\u00fcr den Lighting-Bereich bestimmt sind, werden regelm\u00e4\u00dfig von unserer Qualit\u00e4tsabteilung kontrolliert. Dann werden sie an die Produktionsst\u00e4tte von 6.500 qm in Renate verlegt, wo spezialisierte Teams mit den Montagephasen beginnen.<\/p>\n\n\n\n<p>Die <strong>sorgf\u00e4ltigen Fr\u00e4s- und Endbearbeitungsvorg\u00e4nge<\/strong> stellen f\u00fcr Sanvito &amp; Somaschini einen Mehrwert in Bezug auf die Effizienz dar. Dank des Know-hows und der Erfahrung von mehr als 50 Jahren in diesem Sektor garantiert das Unternehmen seinen Werkzeugen nicht nur die <strong>h\u00f6chsten technologischen Standards<\/strong>, sondern auch die Qualit\u00e4t und die Pr\u00e4zision, die die Produkte von Made in Italy seit jeher weltweit auszeichnen.<\/p>\n\n\n\n<p>Jede Phase der Bearbeitungsprozesses wird von der <strong>Metrologieabteilung<\/strong> \u00fcberwacht, die die Einhaltung der <strong>strengsten Qualit\u00e4tsstandards \u00fcberpr\u00fcft<\/strong>, vom Rohstoff bis zum Halbzeug, von allem, was wir produzieren und was wir von unseren Partnern erhalten, von dem fertigen Werkzeug bis zum gesamten Bemusterungsprozess, um die beste Leistung des Werkzeuges w\u00e4hrend ihres Produktionszyklus zu gew\u00e4hrleisten.<\/p>\n","protected":false},"excerpt":{"rendered":"<p>Strenge, Geschwindigkeit, Effizienz. Um dem Material Form zu geben, werden zwei Elemente ben\u00f6tigt, die sich ebenso unterscheiden wie erg\u00e4nzen: ein Produktionsraum mit modernsten Maschinen und einem hochqualifizierten und erfahrenen Team. In unserem Werk von \u00fcber 5.500 qm in Carate Brianza finden die wichtigsten mechanischen Verarbeitungen statt, vom Schruppen der Stahlbl\u00f6cke, um dem Werkzeug die erste [&hellip;]<\/p>\n","protected":false},"author":1,"featured_media":0,"parent":724,"menu_order":0,"comment_status":"closed","ping_status":"closed","template":"","meta":[],"acf":[],"_links":{"self":[{"href":"http:\/\/sanvitoesomaschini.demobbl.it\/de\/wp-json\/wp\/v2\/pages\/666"}],"collection":[{"href":"http:\/\/sanvitoesomaschini.demobbl.it\/de\/wp-json\/wp\/v2\/pages"}],"about":[{"href":"http:\/\/sanvitoesomaschini.demobbl.it\/de\/wp-json\/wp\/v2\/types\/page"}],"author":[{"embeddable":true,"href":"http:\/\/sanvitoesomaschini.demobbl.it\/de\/wp-json\/wp\/v2\/users\/1"}],"replies":[{"embeddable":true,"href":"http:\/\/sanvitoesomaschini.demobbl.it\/de\/wp-json\/wp\/v2\/comments?post=666"}],"version-history":[{"count":4,"href":"http:\/\/sanvitoesomaschini.demobbl.it\/de\/wp-json\/wp\/v2\/pages\/666\/revisions"}],"predecessor-version":[{"id":946,"href":"http:\/\/sanvitoesomaschini.demobbl.it\/de\/wp-json\/wp\/v2\/pages\/666\/revisions\/946"}],"up":[{"embeddable":true,"href":"http:\/\/sanvitoesomaschini.demobbl.it\/de\/wp-json\/wp\/v2\/pages\/724"}],"wp:attachment":[{"href":"http:\/\/sanvitoesomaschini.demobbl.it\/de\/wp-json\/wp\/v2\/media?parent=666"}],"curies":[{"name":"wp","href":"https:\/\/api.w.org\/{rel}","templated":true}]}}