{"id":670,"date":"2022-05-03T10:40:34","date_gmt":"2022-05-03T08:40:34","guid":{"rendered":"http:\/\/sanvitoesomaschini.demobbl.it\/try-out-to-satisfy-every-production-requirement\/"},"modified":"2022-05-23T16:04:59","modified_gmt":"2022-05-23T14:04:59","slug":"try-out-to-satisfy-every-production-requirement","status":"publish","type":"page","link":"http:\/\/sanvitoesomaschini.demobbl.it\/de\/soluzioni\/try-out-to-satisfy-every-production-requirement\/","title":{"rendered":"TRY-OUT: TO SATISFY EVERY PRODUCTION REQUIREMENT"},"content":{"rendered":"\n<p><strong><strong><strong>Zuverl\u00e4ssigkeit, Qualit\u00e4t, Optimierung<\/strong><\/strong><\/strong><\/p>\n\n\n\n<p>Die Bemusterung ist einer der wichtigsten strategischen Faktoren. W\u00e4hrend der Try-out-Phasen ist Sanvito &amp; Somaschini n\u00e4mlich in der Lage, die Produktionsanforderungen und Zykluszeiten seiner Kunden genau zu reproduzieren und alle Parameter des Gie\u00dfprozesses zu definieren.<\/p>\n\n\n\n<p>Die Kompetenz der Mitarbeiter, die gr\u00fcndliche Kenntnis der Verfahren und die Verwendung moderner und effizienter Pressen und Maschinen erm\u00f6glichen uns, komplette Produktionszyklen zu erproben, um <strong>perfekte und qualitativ gleichbleibende Ergebnisse zu gew\u00e4hrleisten.<\/strong><\/p>\n\n\n\n<p>Auch in dieser Phase, wie in den vorherigen, werden unsere Partner immer von Fachpersonal unterst\u00fctzt, das die Effizienz der erforderlichen Leistung \u00fcberpr\u00fcfen und in jeder qualitativen Komponente ein einwandfreies Werkzeug liefern kann.<\/p>\n","protected":false},"excerpt":{"rendered":"<p>Zuverl\u00e4ssigkeit, Qualit\u00e4t, Optimierung Die Bemusterung ist einer der wichtigsten strategischen Faktoren. W\u00e4hrend der Try-out-Phasen ist Sanvito &amp; Somaschini n\u00e4mlich in der Lage, die Produktionsanforderungen und Zykluszeiten seiner Kunden genau zu reproduzieren und alle Parameter des Gie\u00dfprozesses zu definieren. Die Kompetenz der Mitarbeiter, die gr\u00fcndliche Kenntnis der Verfahren und die Verwendung moderner und effizienter Pressen und [&hellip;]<\/p>\n","protected":false},"author":1,"featured_media":0,"parent":724,"menu_order":0,"comment_status":"closed","ping_status":"closed","template":"","meta":[],"acf":[],"_links":{"self":[{"href":"http:\/\/sanvitoesomaschini.demobbl.it\/de\/wp-json\/wp\/v2\/pages\/670"}],"collection":[{"href":"http:\/\/sanvitoesomaschini.demobbl.it\/de\/wp-json\/wp\/v2\/pages"}],"about":[{"href":"http:\/\/sanvitoesomaschini.demobbl.it\/de\/wp-json\/wp\/v2\/types\/page"}],"author":[{"embeddable":true,"href":"http:\/\/sanvitoesomaschini.demobbl.it\/de\/wp-json\/wp\/v2\/users\/1"}],"replies":[{"embeddable":true,"href":"http:\/\/sanvitoesomaschini.demobbl.it\/de\/wp-json\/wp\/v2\/comments?post=670"}],"version-history":[{"count":3,"href":"http:\/\/sanvitoesomaschini.demobbl.it\/de\/wp-json\/wp\/v2\/pages\/670\/revisions"}],"predecessor-version":[{"id":974,"href":"http:\/\/sanvitoesomaschini.demobbl.it\/de\/wp-json\/wp\/v2\/pages\/670\/revisions\/974"}],"up":[{"embeddable":true,"href":"http:\/\/sanvitoesomaschini.demobbl.it\/de\/wp-json\/wp\/v2\/pages\/724"}],"wp:attachment":[{"href":"http:\/\/sanvitoesomaschini.demobbl.it\/de\/wp-json\/wp\/v2\/media?parent=670"}],"curies":[{"name":"wp","href":"https:\/\/api.w.org\/{rel}","templated":true}]}}