{"id":692,"date":"2022-03-29T12:35:59","date_gmt":"2022-03-29T10:35:59","guid":{"rendered":"http:\/\/sanvitoesomaschini.demobbl.it\/qualita\/"},"modified":"2022-05-23T16:12:15","modified_gmt":"2022-05-23T14:12:15","slug":"qualita","status":"publish","type":"page","link":"http:\/\/sanvitoesomaschini.demobbl.it\/de\/qualita\/","title":{"rendered":"Qualit\u00e4t"},"content":{"rendered":"\n<p><strong><strong>Qualit\u00e4t ist die erste Voraussetzung f\u00fcr den Erfolg in einer fortschrittlichen, wettbewerbsf\u00e4higen und globalen Industrie wie dem Automobilsektor<\/strong><\/strong><\/p>\n\n\n\n<p><strong>Qualit\u00e4tskontrolle<\/strong> und <strong>Metrologie<\/strong> sind die Schl\u00fcsselabteilungen unseres Unternehmens. Jede Phase des Produktionsprozesses, vom Design bis zur Auswahl des Rohmaterials, vom Schruppen bis zur Feinarbeit und zum Try-Out, wird sorgf\u00e4ltig \u00fcberwacht, um die Einhaltung h\u00f6chster Qualit\u00e4tsstandards zu garantieren.<\/p>\n\n\n\n<p>Um die Unternehmensverfahren und -richtlinien zu formalisieren, die in den Produktionsst\u00e4tten in Carate Brianza und Renate immer in Kraft waren, zertifizierte Sanvito &amp; Somaschini <strong>1999<\/strong> sein Qualit\u00e4tsmanagementsystem nach <strong>ISO 9001<\/strong>.<\/p>\n","protected":false},"excerpt":{"rendered":"<p>Qualit\u00e4t ist die erste Voraussetzung f\u00fcr den Erfolg in einer fortschrittlichen, wettbewerbsf\u00e4higen und globalen Industrie wie dem Automobilsektor Qualit\u00e4tskontrolle und Metrologie sind die Schl\u00fcsselabteilungen unseres Unternehmens. Jede Phase des Produktionsprozesses, vom Design bis zur Auswahl des Rohmaterials, vom Schruppen bis zur Feinarbeit und zum Try-Out, wird sorgf\u00e4ltig \u00fcberwacht, um die Einhaltung h\u00f6chster Qualit\u00e4tsstandards zu garantieren. [&hellip;]<\/p>\n","protected":false},"author":1,"featured_media":0,"parent":0,"menu_order":0,"comment_status":"closed","ping_status":"closed","template":"","meta":[],"acf":[],"_links":{"self":[{"href":"http:\/\/sanvitoesomaschini.demobbl.it\/de\/wp-json\/wp\/v2\/pages\/692"}],"collection":[{"href":"http:\/\/sanvitoesomaschini.demobbl.it\/de\/wp-json\/wp\/v2\/pages"}],"about":[{"href":"http:\/\/sanvitoesomaschini.demobbl.it\/de\/wp-json\/wp\/v2\/types\/page"}],"author":[{"embeddable":true,"href":"http:\/\/sanvitoesomaschini.demobbl.it\/de\/wp-json\/wp\/v2\/users\/1"}],"replies":[{"embeddable":true,"href":"http:\/\/sanvitoesomaschini.demobbl.it\/de\/wp-json\/wp\/v2\/comments?post=692"}],"version-history":[{"count":4,"href":"http:\/\/sanvitoesomaschini.demobbl.it\/de\/wp-json\/wp\/v2\/pages\/692\/revisions"}],"predecessor-version":[{"id":991,"href":"http:\/\/sanvitoesomaschini.demobbl.it\/de\/wp-json\/wp\/v2\/pages\/692\/revisions\/991"}],"wp:attachment":[{"href":"http:\/\/sanvitoesomaschini.demobbl.it\/de\/wp-json\/wp\/v2\/media?parent=692"}],"curies":[{"name":"wp","href":"https:\/\/api.w.org\/{rel}","templated":true}]}}