{"id":711,"date":"2022-03-29T12:34:36","date_gmt":"2022-03-29T10:34:36","guid":{"rendered":"http:\/\/sanvitoesomaschini.demobbl.it\/the-story-of-our-company\/"},"modified":"2022-05-23T13:16:03","modified_gmt":"2022-05-23T11:16:03","slug":"the-story-of-our-company","status":"publish","type":"page","link":"http:\/\/sanvitoesomaschini.demobbl.it\/de\/the-story-of-our-company\/","title":{"rendered":"Unternehmen"},"content":{"rendered":"\n<p><strong>Seit 1968 stellt Sanvito &amp; Somaschini Werkezeuge in allen Gr\u00f6\u00dfen f\u00fcr thermoplastisches und duroplastisches Material f\u00fcr die Automobilindustrie her.<\/strong><\/p>\n\n\n\n<p>Hohe Qualit\u00e4tsstandards, Zuverl\u00e4ssigkeit, Flexibilit\u00e4t und st\u00e4ndige technologische Investitionen: Das ist die Philosophie, die unser Unternehmen seit seiner Gr\u00fcndung leitet und die uns nach <strong>mehr als 50 Jahren<\/strong> Geschichte erm\u00f6glicht hat, mit den Erfordernissen des Weltautomobilmarktes weiterzuentwickeln.<\/p>\n\n\n\n<p>Wir haben die Geschichte des Autos miterlebt, wir waren ein Teil davon und wir haben dazu beigetragen, seine Formen und Funktionalit\u00e4t zusammen mit OEM- und TIER-1-Partner aus der ganzen Welt neu zu gestalten. Heute ist Sanvito &amp; Somaschini einer der gr\u00f6\u00dften Werkzeugbauer in Italien und der einzige in Europa, der einen <strong>kompletten Service <\/strong>anbietet: vom Design und Co-Design bis zum optimierten Try-Out, von den mechanischen Bearbeitungen bis zu den speziellsten Feinarbeiten, von der Auswahl der besten Rohstoffe bis zur Montage jedes kleinsten Bauelementes, um pr\u00e4zise, zuverl\u00e4ssige und dauerhafte Stahlwerkzeuge zu garantieren.<\/p>\n","protected":false},"excerpt":{"rendered":"<p>Seit 1968 stellt Sanvito &amp; Somaschini Werkezeuge in allen Gr\u00f6\u00dfen f\u00fcr thermoplastisches und duroplastisches Material f\u00fcr die Automobilindustrie her. Hohe Qualit\u00e4tsstandards, Zuverl\u00e4ssigkeit, Flexibilit\u00e4t und st\u00e4ndige technologische Investitionen: Das ist die Philosophie, die unser Unternehmen seit seiner Gr\u00fcndung leitet und die uns nach mehr als 50 Jahren Geschichte erm\u00f6glicht hat, mit den Erfordernissen des Weltautomobilmarktes weiterzuentwickeln. [&hellip;]<\/p>\n","protected":false},"author":1,"featured_media":0,"parent":0,"menu_order":0,"comment_status":"closed","ping_status":"closed","template":"","meta":[],"acf":[],"_links":{"self":[{"href":"http:\/\/sanvitoesomaschini.demobbl.it\/de\/wp-json\/wp\/v2\/pages\/711"}],"collection":[{"href":"http:\/\/sanvitoesomaschini.demobbl.it\/de\/wp-json\/wp\/v2\/pages"}],"about":[{"href":"http:\/\/sanvitoesomaschini.demobbl.it\/de\/wp-json\/wp\/v2\/types\/page"}],"author":[{"embeddable":true,"href":"http:\/\/sanvitoesomaschini.demobbl.it\/de\/wp-json\/wp\/v2\/users\/1"}],"replies":[{"embeddable":true,"href":"http:\/\/sanvitoesomaschini.demobbl.it\/de\/wp-json\/wp\/v2\/comments?post=711"}],"version-history":[{"count":3,"href":"http:\/\/sanvitoesomaschini.demobbl.it\/de\/wp-json\/wp\/v2\/pages\/711\/revisions"}],"predecessor-version":[{"id":770,"href":"http:\/\/sanvitoesomaschini.demobbl.it\/de\/wp-json\/wp\/v2\/pages\/711\/revisions\/770"}],"wp:attachment":[{"href":"http:\/\/sanvitoesomaschini.demobbl.it\/de\/wp-json\/wp\/v2\/media?parent=711"}],"curies":[{"name":"wp","href":"https:\/\/api.w.org\/{rel}","templated":true}]}}