{"id":714,"date":"2022-03-29T12:35:08","date_gmt":"2022-03-29T10:35:08","guid":{"rendered":"http:\/\/sanvitoesomaschini.demobbl.it\/servizi\/"},"modified":"2022-05-24T10:32:13","modified_gmt":"2022-05-24T08:32:13","slug":"servizi","status":"publish","type":"page","link":"http:\/\/sanvitoesomaschini.demobbl.it\/de\/servizi\/","title":{"rendered":"Dienstleistungen"},"content":{"rendered":"\n<p>Neben den gro\u00dfen Produktionen von Werkzeugen f\u00fcr thermoplastische und thermosetische Materialien f\u00fcr die Automobilindustrie, die seit Jahren das Kerngesch\u00e4ft von Sanvito &amp; Somaschini sind, bieten wir eine breite Auswahl von Zusatzdienstleistungen an, um unsere Partner entlang der gesamten Produktionskette zu unterst\u00fctzen.<\/p>\n","protected":false},"excerpt":{"rendered":"<p>Neben den gro\u00dfen Produktionen von Werkzeugen f\u00fcr thermoplastische und thermosetische Materialien f\u00fcr die Automobilindustrie, die seit Jahren das Kerngesch\u00e4ft von Sanvito &amp; Somaschini sind, bieten wir eine breite Auswahl von Zusatzdienstleistungen an, um unsere Partner entlang der gesamten Produktionskette zu unterst\u00fctzen.<\/p>\n","protected":false},"author":1,"featured_media":0,"parent":0,"menu_order":0,"comment_status":"closed","ping_status":"closed","template":"","meta":[],"acf":[],"_links":{"self":[{"href":"http:\/\/sanvitoesomaschini.demobbl.it\/de\/wp-json\/wp\/v2\/pages\/714"}],"collection":[{"href":"http:\/\/sanvitoesomaschini.demobbl.it\/de\/wp-json\/wp\/v2\/pages"}],"about":[{"href":"http:\/\/sanvitoesomaschini.demobbl.it\/de\/wp-json\/wp\/v2\/types\/page"}],"author":[{"embeddable":true,"href":"http:\/\/sanvitoesomaschini.demobbl.it\/de\/wp-json\/wp\/v2\/users\/1"}],"replies":[{"embeddable":true,"href":"http:\/\/sanvitoesomaschini.demobbl.it\/de\/wp-json\/wp\/v2\/comments?post=714"}],"version-history":[{"count":4,"href":"http:\/\/sanvitoesomaschini.demobbl.it\/de\/wp-json\/wp\/v2\/pages\/714\/revisions"}],"predecessor-version":[{"id":1051,"href":"http:\/\/sanvitoesomaschini.demobbl.it\/de\/wp-json\/wp\/v2\/pages\/714\/revisions\/1051"}],"wp:attachment":[{"href":"http:\/\/sanvitoesomaschini.demobbl.it\/de\/wp-json\/wp\/v2\/media?parent=714"}],"curies":[{"name":"wp","href":"https:\/\/api.w.org\/{rel}","templated":true}]}}