{"id":724,"date":"2022-03-29T12:35:39","date_gmt":"2022-03-29T10:35:39","guid":{"rendered":"http:\/\/sanvitoesomaschini.demobbl.it\/soluzioni\/"},"modified":"2022-05-23T15:49:07","modified_gmt":"2022-05-23T13:49:07","slug":"soluzioni","status":"publish","type":"page","link":"http:\/\/sanvitoesomaschini.demobbl.it\/de\/soluzioni\/","title":{"rendered":"L\u00f6sungen"},"content":{"rendered":"\n<p><strong>Sanvito &amp; Somaschini ist einer der wichtigsten Werkzeugbauer f\u00fcr die Automobilindustrie in Italien.<\/strong><\/p>\n\n\n\n<p>Dank einer Erfahrung von mehr als 50 Jahren in der Produktion von Werkzeugen aller Gr\u00f6\u00dfen f\u00fcr thermoplastische und thermosetische Materialien ist Sanvito &amp; Somaschini heutzutage Partner der wichtigsten Automobilhersteller, darunter BMW, Stellantis, Volkswagen sowie der wichtigsten TIER-1 in der Welt, wie Automotive Lighting, Flex n Gate, Magna und Plastic Omnium.<\/p>\n","protected":false},"excerpt":{"rendered":"<p>Sanvito &amp; Somaschini ist einer der wichtigsten Werkzeugbauer f\u00fcr die Automobilindustrie in Italien. Dank einer Erfahrung von mehr als 50 Jahren in der Produktion von Werkzeugen aller Gr\u00f6\u00dfen f\u00fcr thermoplastische und thermosetische Materialien ist Sanvito &amp; Somaschini heutzutage Partner der wichtigsten Automobilhersteller, darunter BMW, Stellantis, Volkswagen sowie der wichtigsten TIER-1 in der Welt, wie Automotive [&hellip;]<\/p>\n","protected":false},"author":1,"featured_media":400,"parent":0,"menu_order":0,"comment_status":"closed","ping_status":"closed","template":"template-soluzioni.php","meta":[],"acf":[],"_links":{"self":[{"href":"http:\/\/sanvitoesomaschini.demobbl.it\/de\/wp-json\/wp\/v2\/pages\/724"}],"collection":[{"href":"http:\/\/sanvitoesomaschini.demobbl.it\/de\/wp-json\/wp\/v2\/pages"}],"about":[{"href":"http:\/\/sanvitoesomaschini.demobbl.it\/de\/wp-json\/wp\/v2\/types\/page"}],"author":[{"embeddable":true,"href":"http:\/\/sanvitoesomaschini.demobbl.it\/de\/wp-json\/wp\/v2\/users\/1"}],"replies":[{"embeddable":true,"href":"http:\/\/sanvitoesomaschini.demobbl.it\/de\/wp-json\/wp\/v2\/comments?post=724"}],"version-history":[{"count":6,"href":"http:\/\/sanvitoesomaschini.demobbl.it\/de\/wp-json\/wp\/v2\/pages\/724\/revisions"}],"predecessor-version":[{"id":916,"href":"http:\/\/sanvitoesomaschini.demobbl.it\/de\/wp-json\/wp\/v2\/pages\/724\/revisions\/916"}],"wp:featuredmedia":[{"embeddable":true,"href":"http:\/\/sanvitoesomaschini.demobbl.it\/de\/wp-json\/wp\/v2\/media\/400"}],"wp:attachment":[{"href":"http:\/\/sanvitoesomaschini.demobbl.it\/de\/wp-json\/wp\/v2\/media?parent=724"}],"curies":[{"name":"wp","href":"https:\/\/api.w.org\/{rel}","templated":true}]}}