{"id":647,"date":"2022-05-03T10:10:51","date_gmt":"2022-05-03T08:10:51","guid":{"rendered":"http:\/\/sanvitoesomaschini.demobbl.it\/cam-the-best-tecnology-to-meet-the-highest-standards\/"},"modified":"2022-05-30T10:19:08","modified_gmt":"2022-05-30T08:19:08","slug":"cam-the-best-tecnology-to-meet-the-highest-standards","status":"publish","type":"page","link":"http:\/\/sanvitoesomaschini.demobbl.it\/es\/soluzioni\/cam-the-best-tecnology-to-meet-the-highest-standards\/","title":{"rendered":"CAM: LA MEJOR TECNOLOG\u00cdA PARA CUMPLIR CON LOS M\u00c1S ALTOS EST\u00c1NDARES"},"content":{"rendered":"\n<p><strong>Esperiencia , profesionalidad, innovacion.<\/strong><\/p>\n\n\n\n<p>As\u00ec damos forma a los aceros con el &nbsp;suporte de las mejores tecnologias &nbsp;y del know-how .<\/p>\n\n\n\n<p>La fase di programacion de nuestra produccion &nbsp;se trata para garantizar el calendario previsto con el cliente.<\/p>\n","protected":false},"excerpt":{"rendered":"<p>Esperiencia , profesionalidad, innovacion. As\u00ec damos forma a los aceros con el &nbsp;suporte de las mejores tecnologias &nbsp;y del know-how . La fase di programacion de nuestra produccion &nbsp;se trata para garantizar el calendario previsto con el cliente.<\/p>\n","protected":false},"author":1,"featured_media":0,"parent":726,"menu_order":0,"comment_status":"closed","ping_status":"closed","template":"","meta":[],"acf":[],"_links":{"self":[{"href":"http:\/\/sanvitoesomaschini.demobbl.it\/es\/wp-json\/wp\/v2\/pages\/647"}],"collection":[{"href":"http:\/\/sanvitoesomaschini.demobbl.it\/es\/wp-json\/wp\/v2\/pages"}],"about":[{"href":"http:\/\/sanvitoesomaschini.demobbl.it\/es\/wp-json\/wp\/v2\/types\/page"}],"author":[{"embeddable":true,"href":"http:\/\/sanvitoesomaschini.demobbl.it\/es\/wp-json\/wp\/v2\/users\/1"}],"replies":[{"embeddable":true,"href":"http:\/\/sanvitoesomaschini.demobbl.it\/es\/wp-json\/wp\/v2\/comments?post=647"}],"version-history":[{"count":5,"href":"http:\/\/sanvitoesomaschini.demobbl.it\/es\/wp-json\/wp\/v2\/pages\/647\/revisions"}],"predecessor-version":[{"id":1071,"href":"http:\/\/sanvitoesomaschini.demobbl.it\/es\/wp-json\/wp\/v2\/pages\/647\/revisions\/1071"}],"up":[{"embeddable":true,"href":"http:\/\/sanvitoesomaschini.demobbl.it\/es\/wp-json\/wp\/v2\/pages\/726"}],"wp:attachment":[{"href":"http:\/\/sanvitoesomaschini.demobbl.it\/es\/wp-json\/wp\/v2\/media?parent=647"}],"curies":[{"name":"wp","href":"https:\/\/api.w.org\/{rel}","templated":true}]}}