{"id":659,"date":"2022-05-03T10:30:20","date_gmt":"2022-05-03T08:30:20","guid":{"rendered":"http:\/\/sanvitoesomaschini.demobbl.it\/assembling-building-perfection-is-a-matter-of-details\/"},"modified":"2022-06-14T10:23:50","modified_gmt":"2022-06-14T08:23:50","slug":"assembling-building-perfection-is-a-matter-of-details","status":"publish","type":"page","link":"http:\/\/sanvitoesomaschini.demobbl.it\/es\/soluzioni\/assembling-building-perfection-is-a-matter-of-details\/","title":{"rendered":"MONTAJE: CONSTRUIR A LA PERFECCI\u00d3N ES UNA CUESTI\u00d3N DE DETALLES"},"content":{"rendered":"\n<p><strong><strong>Artesan\u00eda, know-how, precisi\u00f3n<\/strong>.<\/strong><\/p>\n\n\n\n<p>La fase de montaje determina el resultado final de nuestro molde, y est\u00e1 confiada al trabajo artesanal de nuestros t\u00e9cnicos m\u00e1s expertos. La correcta colocaci\u00f3n de cada componente y el perfecto acoplamiento de las superficies de cierre es un <strong>delicado equilibrio de experiencia, competencia y rigor<\/strong>, que los equipos se transitene de generaci\u00f3n en generaci\u00f3n.<\/p>\n\n\n\n<p>El resultado <strong>es un molde unico<\/strong> , de extrema precision , resistente e capaz de garantizar un rendimiento duradero y impecable. \u00a0La destreza de nuestros operarios en el pulido, con sus diferentes grados, nos permite llegar al primer ensayo con altos est\u00e1ndares de calidad.<\/p>\n","protected":false},"excerpt":{"rendered":"<p>Artesan\u00eda, know-how, precisi\u00f3n. La fase de montaje determina el resultado final de nuestro molde, y est\u00e1 confiada al trabajo artesanal de nuestros t\u00e9cnicos m\u00e1s expertos. La correcta colocaci\u00f3n de cada componente y el perfecto acoplamiento de las superficies de cierre es un delicado equilibrio de experiencia, competencia y rigor, que los equipos se transitene de [&hellip;]<\/p>\n","protected":false},"author":1,"featured_media":0,"parent":726,"menu_order":0,"comment_status":"closed","ping_status":"closed","template":"","meta":[],"acf":[],"_links":{"self":[{"href":"http:\/\/sanvitoesomaschini.demobbl.it\/es\/wp-json\/wp\/v2\/pages\/659"}],"collection":[{"href":"http:\/\/sanvitoesomaschini.demobbl.it\/es\/wp-json\/wp\/v2\/pages"}],"about":[{"href":"http:\/\/sanvitoesomaschini.demobbl.it\/es\/wp-json\/wp\/v2\/types\/page"}],"author":[{"embeddable":true,"href":"http:\/\/sanvitoesomaschini.demobbl.it\/es\/wp-json\/wp\/v2\/users\/1"}],"replies":[{"embeddable":true,"href":"http:\/\/sanvitoesomaschini.demobbl.it\/es\/wp-json\/wp\/v2\/comments?post=659"}],"version-history":[{"count":6,"href":"http:\/\/sanvitoesomaschini.demobbl.it\/es\/wp-json\/wp\/v2\/pages\/659\/revisions"}],"predecessor-version":[{"id":1090,"href":"http:\/\/sanvitoesomaschini.demobbl.it\/es\/wp-json\/wp\/v2\/pages\/659\/revisions\/1090"}],"up":[{"embeddable":true,"href":"http:\/\/sanvitoesomaschini.demobbl.it\/es\/wp-json\/wp\/v2\/pages\/726"}],"wp:attachment":[{"href":"http:\/\/sanvitoesomaschini.demobbl.it\/es\/wp-json\/wp\/v2\/media?parent=659"}],"curies":[{"name":"wp","href":"https:\/\/api.w.org\/{rel}","templated":true}]}}