{"id":667,"date":"2022-05-03T10:20:07","date_gmt":"2022-05-03T08:20:07","guid":{"rendered":"http:\/\/sanvitoesomaschini.demobbl.it\/mechanical-machining-mechanics-precision-and-handcrafted-vision\/"},"modified":"2022-06-14T10:19:39","modified_gmt":"2022-06-14T08:19:39","slug":"mechanical-machining-mechanics-precision-and-handcrafted-vision","status":"publish","type":"page","link":"http:\/\/sanvitoesomaschini.demobbl.it\/es\/soluzioni\/mechanical-machining-mechanics-precision-and-handcrafted-vision\/","title":{"rendered":"MECANIZADO MECANICO : MECANIZADO DE PRECISION Y VISION ARTESANAL"},"content":{"rendered":"\n<p><strong><strong><strong>Rigor, rapidez, <\/strong><\/strong>eficiencia.<\/strong><\/p>\n\n\n\n<p>Para dar forma al material se requieren dos elementos tan diferenciados como complementarios: un espacio productivo con m\u00e1quinas de \u00faltima generaci\u00f3n y un equipo humano altamente cualificado y experimentado.<\/p>\n\n\n\n<p>Los principales procesos mec\u00e1nicos tienen lugar en nuestra f\u00e1brica de m\u00e1s de 5.500 metros cuadrados en Carate Brianza, comenzando por el desbaste de los bloques de acero para dar la primera forma al molde, pasando por el semiacabado, taladrado y erosi\u00f3n.<\/p>\n\n\n\n<p>Los detalles de los moldes de Sanvito &amp; Somaschini, ya sean grandes o destinados a ser moldeados por la divisi\u00f3n de iluminaci\u00f3n, son controlados regularmente por nuestra calidad. Despues son trasladados al lugar de producci\u00f3n de 6.500 m2 en Renate, donde equipos especializados inician las fases de montaje.<\/p>\n\n\n\n<p><strong>Las minuciosas operaciones de fresado y acabado<\/strong> representan un valor a\u00f1adido en t\u00e9rminos de eficiencia por parte de Sanvito &amp; Somaschini que, gracias a un know-how y &nbsp;una experiencia de m\u00e1s de 50 a\u00f1os en el sector, garantiza a sus moldes no <strong>s\u00f3lo los m\u00e1s altos est\u00e1ndares tecnol\u00f3gicos<\/strong>, sino tambi\u00e9n la <strong>calidad <\/strong>y <strong>precisi\u00f3n <\/strong>del trabajo artesanal que siempre ha distinguido el <em>made in Italy<\/em> &nbsp;en el mundo.<\/p>\n\n\n\n<p>Cada step del mec\u00e1nico esta supervisado por el Departamento de<strong> Metrolog\u00eda<\/strong>, que verifica el cumplimiento de <strong>los m\u00e1s estrictos est\u00e1ndares de calidad<\/strong>, desde las materias primas hasta los productos semielaborados, de todo lo que producimos internamente y de lo que recibimos de nuestros socios, desde el molde terminado hasta todo el proceso de prueba, con el objetivo de asegurar el mejor desempe\u00f1o del molde durante su ciclo de producci\u00f3n.<\/p>\n","protected":false},"excerpt":{"rendered":"<p>Rigor, rapidez, eficiencia. Para dar forma al material se requieren dos elementos tan diferenciados como complementarios: un espacio productivo con m\u00e1quinas de \u00faltima generaci\u00f3n y un equipo humano altamente cualificado y experimentado. Los principales procesos mec\u00e1nicos tienen lugar en nuestra f\u00e1brica de m\u00e1s de 5.500 metros cuadrados en Carate Brianza, comenzando por el desbaste de [&hellip;]<\/p>\n","protected":false},"author":1,"featured_media":0,"parent":726,"menu_order":0,"comment_status":"closed","ping_status":"closed","template":"","meta":[],"acf":[],"_links":{"self":[{"href":"http:\/\/sanvitoesomaschini.demobbl.it\/es\/wp-json\/wp\/v2\/pages\/667"}],"collection":[{"href":"http:\/\/sanvitoesomaschini.demobbl.it\/es\/wp-json\/wp\/v2\/pages"}],"about":[{"href":"http:\/\/sanvitoesomaschini.demobbl.it\/es\/wp-json\/wp\/v2\/types\/page"}],"author":[{"embeddable":true,"href":"http:\/\/sanvitoesomaschini.demobbl.it\/es\/wp-json\/wp\/v2\/users\/1"}],"replies":[{"embeddable":true,"href":"http:\/\/sanvitoesomaschini.demobbl.it\/es\/wp-json\/wp\/v2\/comments?post=667"}],"version-history":[{"count":5,"href":"http:\/\/sanvitoesomaschini.demobbl.it\/es\/wp-json\/wp\/v2\/pages\/667\/revisions"}],"predecessor-version":[{"id":1088,"href":"http:\/\/sanvitoesomaschini.demobbl.it\/es\/wp-json\/wp\/v2\/pages\/667\/revisions\/1088"}],"up":[{"embeddable":true,"href":"http:\/\/sanvitoesomaschini.demobbl.it\/es\/wp-json\/wp\/v2\/pages\/726"}],"wp:attachment":[{"href":"http:\/\/sanvitoesomaschini.demobbl.it\/es\/wp-json\/wp\/v2\/media?parent=667"}],"curies":[{"name":"wp","href":"https:\/\/api.w.org\/{rel}","templated":true}]}}