{"id":693,"date":"2022-03-29T12:35:59","date_gmt":"2022-03-29T10:35:59","guid":{"rendered":"http:\/\/sanvitoesomaschini.demobbl.it\/qualita\/"},"modified":"2022-05-30T10:26:23","modified_gmt":"2022-05-30T08:26:23","slug":"qualita","status":"publish","type":"page","link":"http:\/\/sanvitoesomaschini.demobbl.it\/es\/qualita\/","title":{"rendered":"Calidad"},"content":{"rendered":"\n<p><strong><strong>La calidad es el primer requisito para el \u00e9xito en un sector avanzado, competitivo y global como lo de la automoci\u00f3n<\/strong><\/strong><\/p>\n\n\n\n<p>El <strong>Control de Calidad <\/strong>y la <strong>Metrolog\u00eda<\/strong> son los departamentos clave de nuestra empresa. Cada fase del proceso de producci\u00f3n, desde el proyecto hasta la elecci\u00f3n de las materias primas, desde el desbaste hasta el acabado y la prueba, se supervisa cuidadosamente para garantizar el cumplimiento de los m\u00e1s altos est\u00e1ndares de calidad.<\/p>\n\n\n\n<p>Con el fin de formalizar los procedimientos y pol\u00edticas de la empresa que siempre han existido en las plantas de Carate Brianza y Renate,<strong> en 1999<\/strong> Sanvito &amp; Somaschini certific\u00f3 su sistema de gesti\u00f3n de calidad de acuerdo con \u00a0<strong>ISO 9001<\/strong>.<\/p>\n","protected":false},"excerpt":{"rendered":"<p>La calidad es el primer requisito para el \u00e9xito en un sector avanzado, competitivo y global como lo de la automoci\u00f3n El Control de Calidad y la Metrolog\u00eda son los departamentos clave de nuestra empresa. Cada fase del proceso de producci\u00f3n, desde el proyecto hasta la elecci\u00f3n de las materias primas, desde el desbaste hasta [&hellip;]<\/p>\n","protected":false},"author":1,"featured_media":0,"parent":0,"menu_order":0,"comment_status":"closed","ping_status":"closed","template":"","meta":[],"acf":[],"_links":{"self":[{"href":"http:\/\/sanvitoesomaschini.demobbl.it\/es\/wp-json\/wp\/v2\/pages\/693"}],"collection":[{"href":"http:\/\/sanvitoesomaschini.demobbl.it\/es\/wp-json\/wp\/v2\/pages"}],"about":[{"href":"http:\/\/sanvitoesomaschini.demobbl.it\/es\/wp-json\/wp\/v2\/types\/page"}],"author":[{"embeddable":true,"href":"http:\/\/sanvitoesomaschini.demobbl.it\/es\/wp-json\/wp\/v2\/users\/1"}],"replies":[{"embeddable":true,"href":"http:\/\/sanvitoesomaschini.demobbl.it\/es\/wp-json\/wp\/v2\/comments?post=693"}],"version-history":[{"count":6,"href":"http:\/\/sanvitoesomaschini.demobbl.it\/es\/wp-json\/wp\/v2\/pages\/693\/revisions"}],"predecessor-version":[{"id":1081,"href":"http:\/\/sanvitoesomaschini.demobbl.it\/es\/wp-json\/wp\/v2\/pages\/693\/revisions\/1081"}],"wp:attachment":[{"href":"http:\/\/sanvitoesomaschini.demobbl.it\/es\/wp-json\/wp\/v2\/media?parent=693"}],"curies":[{"name":"wp","href":"https:\/\/api.w.org\/{rel}","templated":true}]}}