{"id":705,"date":"2022-03-29T12:36:11","date_gmt":"2022-03-29T10:36:11","guid":{"rendered":"http:\/\/sanvitoesomaschini.demobbl.it\/careers\/"},"modified":"2022-05-30T10:27:17","modified_gmt":"2022-05-30T08:27:17","slug":"careers","status":"publish","type":"page","link":"http:\/\/sanvitoesomaschini.demobbl.it\/es\/careers\/","title":{"rendered":"Carrera"},"content":{"rendered":"\n<p>Trabajar en Sanvito &amp; Somaschini significa incorporarse a un equipo de profesionales experimentados, en un entorno estimulante y en constante proyecci\u00f3n hacia el futuro.<\/p>\n\n\n\n<p>El crecimiento profesional, la formaci\u00f3n continua y las habilidades t\u00e9cnicas de primer nivel estar\u00e1n en el centro de tu experiencia laboral cada d\u00eda.<\/p>\n\n\n\n<p><strong>Consulta las ofertas de trabajo, env\u00eda tu candidatura y \u00fanete del team Sanvito &amp; Somaschini.<\/strong><\/p>\n","protected":false},"excerpt":{"rendered":"<p>Trabajar en Sanvito &amp; Somaschini significa incorporarse a un equipo de profesionales experimentados, en un entorno estimulante y en constante proyecci\u00f3n hacia el futuro. El crecimiento profesional, la formaci\u00f3n continua y las habilidades t\u00e9cnicas de primer nivel estar\u00e1n en el centro de tu experiencia laboral cada d\u00eda. Consulta las ofertas de trabajo, env\u00eda tu candidatura [&hellip;]<\/p>\n","protected":false},"author":1,"featured_media":0,"parent":0,"menu_order":0,"comment_status":"closed","ping_status":"closed","template":"template-careers.php","meta":[],"acf":[],"_links":{"self":[{"href":"http:\/\/sanvitoesomaschini.demobbl.it\/es\/wp-json\/wp\/v2\/pages\/705"}],"collection":[{"href":"http:\/\/sanvitoesomaschini.demobbl.it\/es\/wp-json\/wp\/v2\/pages"}],"about":[{"href":"http:\/\/sanvitoesomaschini.demobbl.it\/es\/wp-json\/wp\/v2\/types\/page"}],"author":[{"embeddable":true,"href":"http:\/\/sanvitoesomaschini.demobbl.it\/es\/wp-json\/wp\/v2\/users\/1"}],"replies":[{"embeddable":true,"href":"http:\/\/sanvitoesomaschini.demobbl.it\/es\/wp-json\/wp\/v2\/comments?post=705"}],"version-history":[{"count":4,"href":"http:\/\/sanvitoesomaschini.demobbl.it\/es\/wp-json\/wp\/v2\/pages\/705\/revisions"}],"predecessor-version":[{"id":1082,"href":"http:\/\/sanvitoesomaschini.demobbl.it\/es\/wp-json\/wp\/v2\/pages\/705\/revisions\/1082"}],"wp:attachment":[{"href":"http:\/\/sanvitoesomaschini.demobbl.it\/es\/wp-json\/wp\/v2\/media?parent=705"}],"curies":[{"name":"wp","href":"https:\/\/api.w.org\/{rel}","templated":true}]}}