{"id":715,"date":"2022-03-29T12:35:08","date_gmt":"2022-03-29T10:35:08","guid":{"rendered":"http:\/\/sanvitoesomaschini.demobbl.it\/servizi\/"},"modified":"2022-06-17T09:48:28","modified_gmt":"2022-06-17T07:48:28","slug":"servizi","status":"publish","type":"page","link":"http:\/\/sanvitoesomaschini.demobbl.it\/es\/servizi\/","title":{"rendered":"Servicios"},"content":{"rendered":"\n<p>Adem\u00e1s de la producci\u00f3n de moldes para materiales termopl\u00e1sticos y termoestables para el sector de la automoci\u00f3n, que durante a\u00f1os ha sido el negocio principal de Sanvito &amp; Somaschini, ofrecemos una amplia gama de servicios adicionales, con el objetivo de apoyar a nuestros socios a lo largo de la producci\u00f3n.<\/p>\n","protected":false},"excerpt":{"rendered":"<p>Adem\u00e1s de la producci\u00f3n de moldes para materiales termopl\u00e1sticos y termoestables para el sector de la automoci\u00f3n, que durante a\u00f1os ha sido el negocio principal de Sanvito &amp; Somaschini, ofrecemos una amplia gama de servicios adicionales, con el objetivo de apoyar a nuestros socios a lo largo de la producci\u00f3n.<\/p>\n","protected":false},"author":1,"featured_media":0,"parent":0,"menu_order":0,"comment_status":"closed","ping_status":"closed","template":"","meta":[],"acf":[],"_links":{"self":[{"href":"http:\/\/sanvitoesomaschini.demobbl.it\/es\/wp-json\/wp\/v2\/pages\/715"}],"collection":[{"href":"http:\/\/sanvitoesomaschini.demobbl.it\/es\/wp-json\/wp\/v2\/pages"}],"about":[{"href":"http:\/\/sanvitoesomaschini.demobbl.it\/es\/wp-json\/wp\/v2\/types\/page"}],"author":[{"embeddable":true,"href":"http:\/\/sanvitoesomaschini.demobbl.it\/es\/wp-json\/wp\/v2\/users\/1"}],"replies":[{"embeddable":true,"href":"http:\/\/sanvitoesomaschini.demobbl.it\/es\/wp-json\/wp\/v2\/comments?post=715"}],"version-history":[{"count":5,"href":"http:\/\/sanvitoesomaschini.demobbl.it\/es\/wp-json\/wp\/v2\/pages\/715\/revisions"}],"predecessor-version":[{"id":1134,"href":"http:\/\/sanvitoesomaschini.demobbl.it\/es\/wp-json\/wp\/v2\/pages\/715\/revisions\/1134"}],"wp:attachment":[{"href":"http:\/\/sanvitoesomaschini.demobbl.it\/es\/wp-json\/wp\/v2\/media?parent=715"}],"curies":[{"name":"wp","href":"https:\/\/api.w.org\/{rel}","templated":true}]}}