{"id":653,"date":"2022-05-03T10:00:41","date_gmt":"2022-05-03T08:00:41","guid":{"rendered":"http:\/\/sanvitoesomaschini.demobbl.it\/engineering-co-design-expertise-to-shape-your-ideas\/"},"modified":"2022-05-23T15:40:12","modified_gmt":"2022-05-23T13:40:12","slug":"engineering-co-design-expertise-to-shape-your-ideas","status":"publish","type":"page","link":"http:\/\/sanvitoesomaschini.demobbl.it\/fr\/soluzioni\/engineering-co-design-expertise-to-shape-your-ideas\/","title":{"rendered":"ENGINEERING: EXPERTISE CO-DESIGN POUR OPTIMISATION DE VOS ID\u00c9ES"},"content":{"rendered":"\n<div class=\"wp-block-image\"><figure class=\"alignleft size-large is-resized\"><img loading=\"lazy\" src=\"http:\/\/sanvitoesomaschini.demobbl.it\/wp-content\/uploads\/2022\/05\/Schermata-2022-05-03-alle-12.29.13-1024x664.png\" alt=\"\" class=\"wp-image-159\" width=\"532\" height=\"344\" srcset=\"http:\/\/sanvitoesomaschini.demobbl.it\/wp-content\/uploads\/2022\/05\/Schermata-2022-05-03-alle-12.29.13-1024x664.png 1024w, http:\/\/sanvitoesomaschini.demobbl.it\/wp-content\/uploads\/2022\/05\/Schermata-2022-05-03-alle-12.29.13-300x195.png 300w, http:\/\/sanvitoesomaschini.demobbl.it\/wp-content\/uploads\/2022\/05\/Schermata-2022-05-03-alle-12.29.13-768x498.png 768w, http:\/\/sanvitoesomaschini.demobbl.it\/wp-content\/uploads\/2022\/05\/Schermata-2022-05-03-alle-12.29.13.png 1286w\" sizes=\"(max-width: 532px) 100vw, 532px\" \/><\/figure><\/div>\n\n\n\n<p><strong><strong>Vision, design et innovation<\/strong><\/strong>.<\/p>\n\n\n\n<p>Pour r\u00e9pondre au mieux aux besoins de nos clients, il est n\u00e9cessaire de cr\u00e9er un projet performant qui combine un design high-tech. La satisfaction de nos clients est donn\u00e9e par un moule avec des normes de qualit\u00e9 \u00e9lev\u00e9es.<\/p>\n\n\n\n<p>Les investissements constants en R&amp;D ont permis \u00e0 Sanvito &amp; Somaschini d\u2019organiser un d\u00e9partement de design hautement qualifi\u00e9, qui collabore \u00e9troitement avec ses partenaires pendant chaque phase de co-design et de faisabilit\u00e9.<\/p>\n\n\n\n<h2><strong><strong>Nos services d\u2019engineering et de co-design<\/strong><\/strong><\/h2>\n\n\n\n<div class=\"wp-block-image\"><figure class=\"alignright size-full\"><img loading=\"lazy\" width=\"500\" height=\"500\" src=\"http:\/\/sanvitoesomaschini.demobbl.it\/wp-content\/uploads\/2022\/05\/inforgrafica2-2.png\" alt=\"\" class=\"wp-image-383\" srcset=\"http:\/\/sanvitoesomaschini.demobbl.it\/wp-content\/uploads\/2022\/05\/inforgrafica2-2.png 500w, http:\/\/sanvitoesomaschini.demobbl.it\/wp-content\/uploads\/2022\/05\/inforgrafica2-2-300x300.png 300w, http:\/\/sanvitoesomaschini.demobbl.it\/wp-content\/uploads\/2022\/05\/inforgrafica2-2-150x150.png 150w\" sizes=\"(max-width: 500px) 100vw, 500px\" \/><\/figure><\/div>\n\n\n\n<ul type=\"1\"><li><strong><strong>Faisabilit\u00e9<\/strong><\/strong>: \u00e9tude de faisabilit\u00e9 bas\u00e9e sur le design 3D fourni par le bureau de style.<\/li><li><strong>Co-design<\/strong>: cr\u00e9ation d\u2019un design fonctionnel, esth\u00e9tiquement exclusif et capable de r\u00e9duire les co\u00fbts de production.<\/li><li><strong>Design<\/strong>: nous donnons vie au moule et \u00e0 tous ses composants pour cr\u00e9er un mod\u00e8le qui peut respecter tous les param\u00e8tres du processus de moulage.<\/li><li><strong>Mold-flow<\/strong>: analyse et d\u00e9finition du nombre et de la position des points d\u2019injection, ainsi que de la s\u00e9quence d\u2019ouverture.<\/li><li><strong><strong>Refroidissement<\/strong><\/strong>: analyse et simulation thermique des performances de l\u2019acier et de l\u2019\u00e9l\u00e9ment moul\u00e9 pour assurer une pr\u00e9cision absolue.<\/li><li><strong><strong><strong>Analyse cin\u00e9matique<\/strong><\/strong><\/strong>: analyse et simulation de chaque mouvement du moule \u00e0 l\u2019int\u00e9rieur de la presse pour une performance constante dans le temps.<\/li><li><strong>FEM Analysis<\/strong>: analyse et simulation structurelle pour assurer r\u00e9sistance, durabilit\u00e9 et continuit\u00e9 pendant le cycle de production.<\/li><\/ul>\n\n\n\n<p><\/p>\n","protected":false},"excerpt":{"rendered":"<p>Vision, design et innovation. Pour r\u00e9pondre au mieux aux besoins de nos clients, il est n\u00e9cessaire de cr\u00e9er un projet performant qui combine un design high-tech. La satisfaction de nos clients est donn\u00e9e par un moule avec des normes de qualit\u00e9 \u00e9lev\u00e9es. Les investissements constants en R&amp;D ont permis \u00e0 Sanvito &amp; Somaschini d\u2019organiser un [&hellip;]<\/p>\n","protected":false},"author":1,"featured_media":0,"parent":722,"menu_order":0,"comment_status":"closed","ping_status":"closed","template":"","meta":[],"acf":[],"_links":{"self":[{"href":"http:\/\/sanvitoesomaschini.demobbl.it\/fr\/wp-json\/wp\/v2\/pages\/653"}],"collection":[{"href":"http:\/\/sanvitoesomaschini.demobbl.it\/fr\/wp-json\/wp\/v2\/pages"}],"about":[{"href":"http:\/\/sanvitoesomaschini.demobbl.it\/fr\/wp-json\/wp\/v2\/types\/page"}],"author":[{"embeddable":true,"href":"http:\/\/sanvitoesomaschini.demobbl.it\/fr\/wp-json\/wp\/v2\/users\/1"}],"replies":[{"embeddable":true,"href":"http:\/\/sanvitoesomaschini.demobbl.it\/fr\/wp-json\/wp\/v2\/comments?post=653"}],"version-history":[{"count":3,"href":"http:\/\/sanvitoesomaschini.demobbl.it\/fr\/wp-json\/wp\/v2\/pages\/653\/revisions"}],"predecessor-version":[{"id":894,"href":"http:\/\/sanvitoesomaschini.demobbl.it\/fr\/wp-json\/wp\/v2\/pages\/653\/revisions\/894"}],"up":[{"embeddable":true,"href":"http:\/\/sanvitoesomaschini.demobbl.it\/fr\/wp-json\/wp\/v2\/pages\/722"}],"wp:attachment":[{"href":"http:\/\/sanvitoesomaschini.demobbl.it\/fr\/wp-json\/wp\/v2\/media?parent=653"}],"curies":[{"name":"wp","href":"https:\/\/api.w.org\/{rel}","templated":true}]}}