{"id":657,"date":"2022-05-03T10:30:20","date_gmt":"2022-05-03T08:30:20","guid":{"rendered":"http:\/\/sanvitoesomaschini.demobbl.it\/assembling-building-perfection-is-a-matter-of-details\/"},"modified":"2022-05-23T16:01:56","modified_gmt":"2022-05-23T14:01:56","slug":"assembling-building-perfection-is-a-matter-of-details","status":"publish","type":"page","link":"http:\/\/sanvitoesomaschini.demobbl.it\/fr\/soluzioni\/assembling-building-perfection-is-a-matter-of-details\/","title":{"rendered":"ASSEMBLAGE: LA PERFECTION SE RETROUVE DANS LE D\u00c9TAIL"},"content":{"rendered":"\n<p><strong><strong>Artisanat, savoir-faire, pr\u00e9cision<\/strong>.<\/strong><\/p>\n\n\n\n<p>La phase d\u2019assemblage d\u00e9termine le r\u00e9sultat final de notre moule et elle est confi\u00e9e au savoir-faire de nos techniciens les plus exp\u00e9riment\u00e9s.<\/p>\n\n\n\n<p>Le positionnement correct de chaque \u00e9l\u00e9ment et l\u2019ajustage parfait des surfaces de fermeture est un <strong>\u00e9quilibre d\u00e9licat d\u2019exp\u00e9rience, de comp\u00e9tence et de rigueur<\/strong>, que les \u00e9quipes se transmettent de g\u00e9n\u00e9ration en g\u00e9n\u00e9ration.<\/p>\n\n\n\n<p>Le r\u00e9sultat est un <strong>moule unique,<\/strong> d\u2019une extr\u00eame pr\u00e9cision, r\u00e9sistant et capable de garantir des performances durables et qualitativement impeccables. La dext\u00e9rit\u00e9 de nos op\u00e9rateurs en polissage, avec ses diff\u00e9rents degr\u00e9s, nous permet d\u2019arriver au premier essai avec des normes de qualit\u00e9 \u00e9lev\u00e9es.<\/p>\n","protected":false},"excerpt":{"rendered":"<p>Artisanat, savoir-faire, pr\u00e9cision. La phase d\u2019assemblage d\u00e9termine le r\u00e9sultat final de notre moule et elle est confi\u00e9e au savoir-faire de nos techniciens les plus exp\u00e9riment\u00e9s. Le positionnement correct de chaque \u00e9l\u00e9ment et l\u2019ajustage parfait des surfaces de fermeture est un \u00e9quilibre d\u00e9licat d\u2019exp\u00e9rience, de comp\u00e9tence et de rigueur, que les \u00e9quipes se transmettent de g\u00e9n\u00e9ration [&hellip;]<\/p>\n","protected":false},"author":1,"featured_media":0,"parent":722,"menu_order":0,"comment_status":"closed","ping_status":"closed","template":"","meta":[],"acf":[],"_links":{"self":[{"href":"http:\/\/sanvitoesomaschini.demobbl.it\/fr\/wp-json\/wp\/v2\/pages\/657"}],"collection":[{"href":"http:\/\/sanvitoesomaschini.demobbl.it\/fr\/wp-json\/wp\/v2\/pages"}],"about":[{"href":"http:\/\/sanvitoesomaschini.demobbl.it\/fr\/wp-json\/wp\/v2\/types\/page"}],"author":[{"embeddable":true,"href":"http:\/\/sanvitoesomaschini.demobbl.it\/fr\/wp-json\/wp\/v2\/users\/1"}],"replies":[{"embeddable":true,"href":"http:\/\/sanvitoesomaschini.demobbl.it\/fr\/wp-json\/wp\/v2\/comments?post=657"}],"version-history":[{"count":3,"href":"http:\/\/sanvitoesomaschini.demobbl.it\/fr\/wp-json\/wp\/v2\/pages\/657\/revisions"}],"predecessor-version":[{"id":959,"href":"http:\/\/sanvitoesomaschini.demobbl.it\/fr\/wp-json\/wp\/v2\/pages\/657\/revisions\/959"}],"up":[{"embeddable":true,"href":"http:\/\/sanvitoesomaschini.demobbl.it\/fr\/wp-json\/wp\/v2\/pages\/722"}],"wp:attachment":[{"href":"http:\/\/sanvitoesomaschini.demobbl.it\/fr\/wp-json\/wp\/v2\/media?parent=657"}],"curies":[{"name":"wp","href":"https:\/\/api.w.org\/{rel}","templated":true}]}}