{"id":665,"date":"2022-05-03T10:20:07","date_gmt":"2022-05-03T08:20:07","guid":{"rendered":"http:\/\/sanvitoesomaschini.demobbl.it\/mechanical-machining-mechanics-precision-and-handcrafted-vision\/"},"modified":"2022-05-23T15:57:20","modified_gmt":"2022-05-23T13:57:20","slug":"mechanical-machining-mechanics-precision-and-handcrafted-vision","status":"publish","type":"page","link":"http:\/\/sanvitoesomaschini.demobbl.it\/fr\/soluzioni\/mechanical-machining-mechanics-precision-and-handcrafted-vision\/","title":{"rendered":"COMMANDES NUM\u00c9RIQUES: M\u00c9CANIQUE DE PRECISION AVEC SAVOIR-FAIRE \u00a0"},"content":{"rendered":"\n<p><strong><strong><strong>Rigueur, rapidit\u00e9, efficience<\/strong><\/strong><\/strong>.<\/p>\n\n\n\n<p>Pour donner forme au mat\u00e9riau, il faut deux \u00e9l\u00e9ments aussi distincts que compl\u00e9mentaires: un espace de production avec des machines \u00e0 l\u2019avant-garde et une \u00e9quipe hautement qualifi\u00e9e et exp\u00e9riment\u00e9e.<\/p>\n\n\n\n<p>Dans notre usine de plus de 5 500 m\u00b2 \u00e0 Carate Brianza, les principaux processus m\u00e9caniques ont lieu, \u00e0 partir de l\u2019\u00e9bauche des blocs d\u2019acier pour donner la premi\u00e8re forme au moule, en passant par la semi-finition, le per\u00e7age et l\u2019\u00e9rosion.<\/p>\n\n\n\n<p>Les \u00e9l\u00e9ments des moules Sanvito &amp; Somaschini, qu\u2019ils soient destin\u00e9s aux moules de grandes dimensions, ou au moulage pour la division lighting, sont r\u00e9guli\u00e8rement contr\u00f4l\u00e9s par notre qualit\u00e9. Ensuite, ils sont transf\u00e9r\u00e9s dans le site de production de 6 500 m\u00b2 \u00e0 Renate, o\u00f9 des \u00e9quipes sp\u00e9cialis\u00e9es commencent les phases d\u2019assemblage.<\/p>\n\n\n\n<p>Les <strong>op\u00e9rations m\u00e9ticuleuses de fraisage et de finition <\/strong>repr\u00e9sentent une valeur ajout\u00e9e en termes d\u2019efficacit\u00e9, qui, gr\u00e2ce \u00e0 un savoir-faire et une exp\u00e9rience de plus de 50 ans dans le secteur, garantit \u00e0 ses moules non seulement les <strong>normes technologiques les plus \u00e9lev\u00e9es<\/strong>, mais aussi la <strong>qualit\u00e9<\/strong> et la <strong>pr\u00e9cision<\/strong> des finitions artisanales qui ont toujours distingu\u00e9 le <em>made in Italy<\/em> dans le monde.<\/p>\n\n\n\n<p>Chaque \u00e9tape de l\u2019usinage est supervis\u00e9e par le d\u00e9partement de <strong>M\u00e9trologie<\/strong>, qui v\u00e9rifie le <strong>respect des normes de qualit\u00e9 les plus strictes<\/strong>, de la mati\u00e8re premi\u00e8re au semi-fini, de tout ce que nous produisons en interne et de ce que nous recevons de nos partenaires, du moule fini au processus d\u2019essai, dans le but d\u2019assurer les meilleures performances du moule pendant son cycle de production.<\/p>\n","protected":false},"excerpt":{"rendered":"<p>Rigueur, rapidit\u00e9, efficience. Pour donner forme au mat\u00e9riau, il faut deux \u00e9l\u00e9ments aussi distincts que compl\u00e9mentaires: un espace de production avec des machines \u00e0 l\u2019avant-garde et une \u00e9quipe hautement qualifi\u00e9e et exp\u00e9riment\u00e9e. Dans notre usine de plus de 5 500 m\u00b2 \u00e0 Carate Brianza, les principaux processus m\u00e9caniques ont lieu, \u00e0 partir de l\u2019\u00e9bauche des [&hellip;]<\/p>\n","protected":false},"author":1,"featured_media":0,"parent":722,"menu_order":0,"comment_status":"closed","ping_status":"closed","template":"","meta":[],"acf":[],"_links":{"self":[{"href":"http:\/\/sanvitoesomaschini.demobbl.it\/fr\/wp-json\/wp\/v2\/pages\/665"}],"collection":[{"href":"http:\/\/sanvitoesomaschini.demobbl.it\/fr\/wp-json\/wp\/v2\/pages"}],"about":[{"href":"http:\/\/sanvitoesomaschini.demobbl.it\/fr\/wp-json\/wp\/v2\/types\/page"}],"author":[{"embeddable":true,"href":"http:\/\/sanvitoesomaschini.demobbl.it\/fr\/wp-json\/wp\/v2\/users\/1"}],"replies":[{"embeddable":true,"href":"http:\/\/sanvitoesomaschini.demobbl.it\/fr\/wp-json\/wp\/v2\/comments?post=665"}],"version-history":[{"count":5,"href":"http:\/\/sanvitoesomaschini.demobbl.it\/fr\/wp-json\/wp\/v2\/pages\/665\/revisions"}],"predecessor-version":[{"id":943,"href":"http:\/\/sanvitoesomaschini.demobbl.it\/fr\/wp-json\/wp\/v2\/pages\/665\/revisions\/943"}],"up":[{"embeddable":true,"href":"http:\/\/sanvitoesomaschini.demobbl.it\/fr\/wp-json\/wp\/v2\/pages\/722"}],"wp:attachment":[{"href":"http:\/\/sanvitoesomaschini.demobbl.it\/fr\/wp-json\/wp\/v2\/media?parent=665"}],"curies":[{"name":"wp","href":"https:\/\/api.w.org\/{rel}","templated":true}]}}