{"id":669,"date":"2022-05-03T10:40:34","date_gmt":"2022-05-03T08:40:34","guid":{"rendered":"http:\/\/sanvitoesomaschini.demobbl.it\/try-out-to-satisfy-every-production-requirement\/"},"modified":"2022-05-24T10:39:55","modified_gmt":"2022-05-24T08:39:55","slug":"try-out-to-satisfy-every-production-requirement","status":"publish","type":"page","link":"http:\/\/sanvitoesomaschini.demobbl.it\/fr\/soluzioni\/try-out-to-satisfy-every-production-requirement\/","title":{"rendered":"ESSAI: POUR SATISFAIRE VOS BESOINS EN PRODUCTION"},"content":{"rendered":"\n<p><strong><strong><strong>Fiabilit\u00e9, qualit\u00e9, optimisation<\/strong><\/strong><\/strong>.<\/p>\n\n\n\n<p>Le test repr\u00e9sente un des \u00e9l\u00e9ments strat\u00e9giques les plus importants pendant les phases d\u2019essai. En effet, Sanvito &amp; Somaschini est en mesure de reproduire exactement les besoins de production et les temps de cycle de ses clients, en d\u00e9finissant tous les param\u00e8tres du processus de moulage.<\/p>\n\n\n\n<p>La comp\u00e9tence de nos techniciens d\u00e9di\u00e9s aux essais, la connaissance approfondie des processus, l\u2019utilisation de presses et de machines modernes et efficaces nous permettent d\u2019effectuer des essais complets des cycles de production, afin d\u2019assurer des <strong>r\u00e9sultats parfaits et qualitativement constants dans le temps<\/strong>.<\/p>\n\n\n\n<p>Aussi dans cette phase, comme dans les pr\u00e9c\u00e9dentes, nos partenaires sont toujours soutenus par un personnel expert, capable de v\u00e9rifier l\u2019efficacit\u00e9 des performances requises et de fournir un moule impeccable dans chaque \u00e9l\u00e9ment constitutif.<\/p>\n","protected":false},"excerpt":{"rendered":"<p>Fiabilit\u00e9, qualit\u00e9, optimisation. Le test repr\u00e9sente un des \u00e9l\u00e9ments strat\u00e9giques les plus importants pendant les phases d\u2019essai. En effet, Sanvito &amp; Somaschini est en mesure de reproduire exactement les besoins de production et les temps de cycle de ses clients, en d\u00e9finissant tous les param\u00e8tres du processus de moulage. La comp\u00e9tence de nos techniciens d\u00e9di\u00e9s [&hellip;]<\/p>\n","protected":false},"author":1,"featured_media":0,"parent":722,"menu_order":0,"comment_status":"closed","ping_status":"closed","template":"","meta":[],"acf":[],"_links":{"self":[{"href":"http:\/\/sanvitoesomaschini.demobbl.it\/fr\/wp-json\/wp\/v2\/pages\/669"}],"collection":[{"href":"http:\/\/sanvitoesomaschini.demobbl.it\/fr\/wp-json\/wp\/v2\/pages"}],"about":[{"href":"http:\/\/sanvitoesomaschini.demobbl.it\/fr\/wp-json\/wp\/v2\/types\/page"}],"author":[{"embeddable":true,"href":"http:\/\/sanvitoesomaschini.demobbl.it\/fr\/wp-json\/wp\/v2\/users\/1"}],"replies":[{"embeddable":true,"href":"http:\/\/sanvitoesomaschini.demobbl.it\/fr\/wp-json\/wp\/v2\/comments?post=669"}],"version-history":[{"count":5,"href":"http:\/\/sanvitoesomaschini.demobbl.it\/fr\/wp-json\/wp\/v2\/pages\/669\/revisions"}],"predecessor-version":[{"id":1053,"href":"http:\/\/sanvitoesomaschini.demobbl.it\/fr\/wp-json\/wp\/v2\/pages\/669\/revisions\/1053"}],"up":[{"embeddable":true,"href":"http:\/\/sanvitoesomaschini.demobbl.it\/fr\/wp-json\/wp\/v2\/pages\/722"}],"wp:attachment":[{"href":"http:\/\/sanvitoesomaschini.demobbl.it\/fr\/wp-json\/wp\/v2\/media?parent=669"}],"curies":[{"name":"wp","href":"https:\/\/api.w.org\/{rel}","templated":true}]}}