{"id":691,"date":"2022-03-29T12:35:59","date_gmt":"2022-03-29T10:35:59","guid":{"rendered":"http:\/\/sanvitoesomaschini.demobbl.it\/qualita\/"},"modified":"2022-05-24T10:41:12","modified_gmt":"2022-05-24T08:41:12","slug":"qualita","status":"publish","type":"page","link":"http:\/\/sanvitoesomaschini.demobbl.it\/fr\/qualita\/","title":{"rendered":"Qualit\u00e9"},"content":{"rendered":"\n<p><strong><strong>La qualit\u00e9 est la premi\u00e8re condition de succ\u00e8s dans un secteur \u00e9volu\u00e9, comp\u00e9titif et mondial tel que l\u2019industrie automobile<\/strong><\/strong>.<\/p>\n\n\n\n<p>Le <strong>Contr\u00f4le Qualit\u00e9<\/strong> et la <strong>M\u00e9trologie<\/strong> sont les d\u00e9partements cl\u00e9s de notre entreprise. Chaque phase du processus de production, de la conception du projet au choix des mati\u00e8res premi\u00e8res, de l\u2019\u00e9bauche \u00e0 la finition et \u00e0 l\u2019, est attentivement contr\u00f4l\u00e9e pour garantir le respect des normes de qualit\u00e9 les plus \u00e9lev\u00e9es.<\/p>\n\n\n\n<p>Pour formaliser les proc\u00e9dures et les politiques de l\u2019entreprise qui ont toujours \u00e9t\u00e9 en place dans les usines de Carate Brianza et Renate, Sanvito &amp; Somaschini a certifi\u00e9 <strong>en 1999<\/strong> son syst\u00e8me de gestion de la qualit\u00e9 selon la norme <strong>ISO 9001<\/strong>.<\/p>\n","protected":false},"excerpt":{"rendered":"<p>La qualit\u00e9 est la premi\u00e8re condition de succ\u00e8s dans un secteur \u00e9volu\u00e9, comp\u00e9titif et mondial tel que l\u2019industrie automobile. Le Contr\u00f4le Qualit\u00e9 et la M\u00e9trologie sont les d\u00e9partements cl\u00e9s de notre entreprise. Chaque phase du processus de production, de la conception du projet au choix des mati\u00e8res premi\u00e8res, de l\u2019\u00e9bauche \u00e0 la finition et \u00e0 [&hellip;]<\/p>\n","protected":false},"author":1,"featured_media":0,"parent":0,"menu_order":0,"comment_status":"closed","ping_status":"closed","template":"","meta":[],"acf":[],"_links":{"self":[{"href":"http:\/\/sanvitoesomaschini.demobbl.it\/fr\/wp-json\/wp\/v2\/pages\/691"}],"collection":[{"href":"http:\/\/sanvitoesomaschini.demobbl.it\/fr\/wp-json\/wp\/v2\/pages"}],"about":[{"href":"http:\/\/sanvitoesomaschini.demobbl.it\/fr\/wp-json\/wp\/v2\/types\/page"}],"author":[{"embeddable":true,"href":"http:\/\/sanvitoesomaschini.demobbl.it\/fr\/wp-json\/wp\/v2\/users\/1"}],"replies":[{"embeddable":true,"href":"http:\/\/sanvitoesomaschini.demobbl.it\/fr\/wp-json\/wp\/v2\/comments?post=691"}],"version-history":[{"count":7,"href":"http:\/\/sanvitoesomaschini.demobbl.it\/fr\/wp-json\/wp\/v2\/pages\/691\/revisions"}],"predecessor-version":[{"id":1055,"href":"http:\/\/sanvitoesomaschini.demobbl.it\/fr\/wp-json\/wp\/v2\/pages\/691\/revisions\/1055"}],"wp:attachment":[{"href":"http:\/\/sanvitoesomaschini.demobbl.it\/fr\/wp-json\/wp\/v2\/media?parent=691"}],"curies":[{"name":"wp","href":"https:\/\/api.w.org\/{rel}","templated":true}]}}