{"id":703,"date":"2022-03-29T12:36:11","date_gmt":"2022-03-29T10:36:11","guid":{"rendered":"http:\/\/sanvitoesomaschini.demobbl.it\/careers\/"},"modified":"2022-05-23T16:17:03","modified_gmt":"2022-05-23T14:17:03","slug":"careers","status":"publish","type":"page","link":"http:\/\/sanvitoesomaschini.demobbl.it\/fr\/careers\/","title":{"rendered":"Carrieres"},"content":{"rendered":"\n<p>Travailler chez Sanvito &amp; Somaschini signifie faire partie d\u2019une \u00e9quipe de professionnels exp\u00e9riment\u00e9s, dans un environnement stimulant et toujours projet\u00e9 dans l\u2019avenir. <br>Croissance professionnelle, formation continue et comp\u00e9tences techniques de premier niveau seront chaque jour au c\u0153ur de votre exp\u00e9rience de travail.<\/p>\n\n\n\n<p><strong>Consultez les offres d\u2019emploi, envoyez votre candidature et faites partie de l\u2019\u00e9quipe Sanvito &amp; Somaschini.<\/strong><\/p>\n","protected":false},"excerpt":{"rendered":"<p>Travailler chez Sanvito &amp; Somaschini signifie faire partie d\u2019une \u00e9quipe de professionnels exp\u00e9riment\u00e9s, dans un environnement stimulant et toujours projet\u00e9 dans l\u2019avenir. Croissance professionnelle, formation continue et comp\u00e9tences techniques de premier niveau seront chaque jour au c\u0153ur de votre exp\u00e9rience de travail. Consultez les offres d\u2019emploi, envoyez votre candidature et faites partie de l\u2019\u00e9quipe Sanvito [&hellip;]<\/p>\n","protected":false},"author":1,"featured_media":0,"parent":0,"menu_order":0,"comment_status":"closed","ping_status":"closed","template":"template-careers.php","meta":[],"acf":[],"_links":{"self":[{"href":"http:\/\/sanvitoesomaschini.demobbl.it\/fr\/wp-json\/wp\/v2\/pages\/703"}],"collection":[{"href":"http:\/\/sanvitoesomaschini.demobbl.it\/fr\/wp-json\/wp\/v2\/pages"}],"about":[{"href":"http:\/\/sanvitoesomaschini.demobbl.it\/fr\/wp-json\/wp\/v2\/types\/page"}],"author":[{"embeddable":true,"href":"http:\/\/sanvitoesomaschini.demobbl.it\/fr\/wp-json\/wp\/v2\/users\/1"}],"replies":[{"embeddable":true,"href":"http:\/\/sanvitoesomaschini.demobbl.it\/fr\/wp-json\/wp\/v2\/comments?post=703"}],"version-history":[{"count":5,"href":"http:\/\/sanvitoesomaschini.demobbl.it\/fr\/wp-json\/wp\/v2\/pages\/703\/revisions"}],"predecessor-version":[{"id":1011,"href":"http:\/\/sanvitoesomaschini.demobbl.it\/fr\/wp-json\/wp\/v2\/pages\/703\/revisions\/1011"}],"wp:attachment":[{"href":"http:\/\/sanvitoesomaschini.demobbl.it\/fr\/wp-json\/wp\/v2\/media?parent=703"}],"curies":[{"name":"wp","href":"https:\/\/api.w.org\/{rel}","templated":true}]}}