{"id":710,"date":"2022-03-29T12:34:36","date_gmt":"2022-03-29T10:34:36","guid":{"rendered":"http:\/\/sanvitoesomaschini.demobbl.it\/the-story-of-our-company\/"},"modified":"2022-05-23T12:41:47","modified_gmt":"2022-05-23T10:41:47","slug":"the-story-of-our-company","status":"publish","type":"page","link":"http:\/\/sanvitoesomaschini.demobbl.it\/fr\/the-story-of-our-company\/","title":{"rendered":"Entreprise"},"content":{"rendered":"\n<p><strong>Depuis 1968 Sanvito &amp; Somaschini produit des moules de toutes tailles pour mati\u00e8res thermoplastiques et thermodurcissables pour l\u2019industrie automobile.<\/strong><\/p>\n\n\n\n<p>Normes de qualit\u00e9 \u00e9lev\u00e9es, fiabilit\u00e9, flexibilit\u00e9 et investissements technologiques continus: c\u2019est la philosophie qui a guid\u00e9 notre entreprise depuis sa fondation et qui, apr\u00e8s plus de <strong>50 ans d\u2019histoire,<\/strong> nous a permis de continuer \u00e0 \u00e9voluer en fonction des besoins du march\u00e9 automobile mondial.<\/p>\n\n\n\n<p>Nous avons v\u00e9cu l\u2019histoire de la voiture, nous en avons fait partie et nous avons aid\u00e9 \u00e0 redessiner ses formes et ses fonctionnalit\u00e9s avec des partenaires OEM et TIER-1 du monde entier. Aujourd\u2019hui, Sanvito &amp; Somaschini est un des plus grands fabricants de moules en Italie et le seul en Europe \u00e0 <strong>offrir un service complet,<\/strong> de la conception du projet et du co-design aux essais optimis\u00e9s, de l\u2019usinage aux finitions les plus particuli\u00e8res, du choix des meilleures mati\u00e8res premi\u00e8res \u00e0 l\u2019assemblage du moindre composant, pour assurer des moules en acier pr\u00e9cis, fiables et durables.<\/p>\n","protected":false},"excerpt":{"rendered":"<p>Depuis 1968 Sanvito &amp; Somaschini produit des moules de toutes tailles pour mati\u00e8res thermoplastiques et thermodurcissables pour l\u2019industrie automobile. Normes de qualit\u00e9 \u00e9lev\u00e9es, fiabilit\u00e9, flexibilit\u00e9 et investissements technologiques continus: c\u2019est la philosophie qui a guid\u00e9 notre entreprise depuis sa fondation et qui, apr\u00e8s plus de 50 ans d\u2019histoire, nous a permis de continuer \u00e0 \u00e9voluer [&hellip;]<\/p>\n","protected":false},"author":1,"featured_media":0,"parent":0,"menu_order":0,"comment_status":"closed","ping_status":"closed","template":"","meta":[],"acf":[],"_links":{"self":[{"href":"http:\/\/sanvitoesomaschini.demobbl.it\/fr\/wp-json\/wp\/v2\/pages\/710"}],"collection":[{"href":"http:\/\/sanvitoesomaschini.demobbl.it\/fr\/wp-json\/wp\/v2\/pages"}],"about":[{"href":"http:\/\/sanvitoesomaschini.demobbl.it\/fr\/wp-json\/wp\/v2\/types\/page"}],"author":[{"embeddable":true,"href":"http:\/\/sanvitoesomaschini.demobbl.it\/fr\/wp-json\/wp\/v2\/users\/1"}],"replies":[{"embeddable":true,"href":"http:\/\/sanvitoesomaschini.demobbl.it\/fr\/wp-json\/wp\/v2\/comments?post=710"}],"version-history":[{"count":3,"href":"http:\/\/sanvitoesomaschini.demobbl.it\/fr\/wp-json\/wp\/v2\/pages\/710\/revisions"}],"predecessor-version":[{"id":737,"href":"http:\/\/sanvitoesomaschini.demobbl.it\/fr\/wp-json\/wp\/v2\/pages\/710\/revisions\/737"}],"wp:attachment":[{"href":"http:\/\/sanvitoesomaschini.demobbl.it\/fr\/wp-json\/wp\/v2\/media?parent=710"}],"curies":[{"name":"wp","href":"https:\/\/api.w.org\/{rel}","templated":true}]}}