{"id":713,"date":"2022-03-29T12:35:08","date_gmt":"2022-03-29T10:35:08","guid":{"rendered":"http:\/\/sanvitoesomaschini.demobbl.it\/servizi\/"},"modified":"2022-05-23T12:47:54","modified_gmt":"2022-05-23T10:47:54","slug":"servizi","status":"publish","type":"page","link":"http:\/\/sanvitoesomaschini.demobbl.it\/fr\/servizi\/","title":{"rendered":"Services"},"content":{"rendered":"\n<p>En plus de l\u2019importante production de moules pour mati\u00e8res thermoplastiques et thermodurcissables pour l\u2019industrie automobile, qui repr\u00e9sente le c\u0153ur de m\u00e9tier de Sanvito &amp; Somaschini depuis des ann\u00e9es, nous proposons une large gamme de services suppl\u00e9mentaires pour soutenir nos partenaires pendant toute la fili\u00e8re de production.<\/p>\n","protected":false},"excerpt":{"rendered":"<p>En plus de l\u2019importante production de moules pour mati\u00e8res thermoplastiques et thermodurcissables pour l\u2019industrie automobile, qui repr\u00e9sente le c\u0153ur de m\u00e9tier de Sanvito &amp; Somaschini depuis des ann\u00e9es, nous proposons une large gamme de services suppl\u00e9mentaires pour soutenir nos partenaires pendant toute la fili\u00e8re de production.<\/p>\n","protected":false},"author":1,"featured_media":0,"parent":0,"menu_order":0,"comment_status":"closed","ping_status":"closed","template":"","meta":[],"acf":[],"_links":{"self":[{"href":"http:\/\/sanvitoesomaschini.demobbl.it\/fr\/wp-json\/wp\/v2\/pages\/713"}],"collection":[{"href":"http:\/\/sanvitoesomaschini.demobbl.it\/fr\/wp-json\/wp\/v2\/pages"}],"about":[{"href":"http:\/\/sanvitoesomaschini.demobbl.it\/fr\/wp-json\/wp\/v2\/types\/page"}],"author":[{"embeddable":true,"href":"http:\/\/sanvitoesomaschini.demobbl.it\/fr\/wp-json\/wp\/v2\/users\/1"}],"replies":[{"embeddable":true,"href":"http:\/\/sanvitoesomaschini.demobbl.it\/fr\/wp-json\/wp\/v2\/comments?post=713"}],"version-history":[{"count":3,"href":"http:\/\/sanvitoesomaschini.demobbl.it\/fr\/wp-json\/wp\/v2\/pages\/713\/revisions"}],"predecessor-version":[{"id":743,"href":"http:\/\/sanvitoesomaschini.demobbl.it\/fr\/wp-json\/wp\/v2\/pages\/713\/revisions\/743"}],"wp:attachment":[{"href":"http:\/\/sanvitoesomaschini.demobbl.it\/fr\/wp-json\/wp\/v2\/media?parent=713"}],"curies":[{"name":"wp","href":"https:\/\/api.w.org\/{rel}","templated":true}]}}