{"id":722,"date":"2022-03-29T12:35:39","date_gmt":"2022-03-29T10:35:39","guid":{"rendered":"http:\/\/sanvitoesomaschini.demobbl.it\/soluzioni\/"},"modified":"2022-05-24T10:38:22","modified_gmt":"2022-05-24T08:38:22","slug":"soluzioni","status":"publish","type":"page","link":"http:\/\/sanvitoesomaschini.demobbl.it\/fr\/soluzioni\/","title":{"rendered":"Solutions"},"content":{"rendered":"\n<p><strong>Sanvito Sanvito &amp; Somaschini est un des plus importants fabricants de moules pour l\u2019industrie automobile en Italie.<\/strong><\/p>\n\n\n\n<p>Gr\u00e2ce \u00e0 une exp\u00e9rience de plus de 50 ans dans la production de moules de toutes tailles pour mati\u00e8res thermoplastiques et thermodurcissables, Sanvito &amp; Somaschini est aujourd\u2019hui partenaire des plus importants constructeurs automobiles, tels que BMW, Stellantis, Volkswagen, et des principaux TIER-1 dans le monde, comme Automotive Lighting, Flex n Gate, Magna et Plastic Omnium.<\/p>\n","protected":false},"excerpt":{"rendered":"<p>Sanvito Sanvito &amp; Somaschini est un des plus importants fabricants de moules pour l\u2019industrie automobile en Italie. Gr\u00e2ce \u00e0 une exp\u00e9rience de plus de 50 ans dans la production de moules de toutes tailles pour mati\u00e8res thermoplastiques et thermodurcissables, Sanvito &amp; Somaschini est aujourd\u2019hui partenaire des plus importants constructeurs automobiles, tels que BMW, Stellantis, Volkswagen, [&hellip;]<\/p>\n","protected":false},"author":1,"featured_media":399,"parent":0,"menu_order":0,"comment_status":"closed","ping_status":"closed","template":"template-soluzioni.php","meta":[],"acf":[],"_links":{"self":[{"href":"http:\/\/sanvitoesomaschini.demobbl.it\/fr\/wp-json\/wp\/v2\/pages\/722"}],"collection":[{"href":"http:\/\/sanvitoesomaschini.demobbl.it\/fr\/wp-json\/wp\/v2\/pages"}],"about":[{"href":"http:\/\/sanvitoesomaschini.demobbl.it\/fr\/wp-json\/wp\/v2\/types\/page"}],"author":[{"embeddable":true,"href":"http:\/\/sanvitoesomaschini.demobbl.it\/fr\/wp-json\/wp\/v2\/users\/1"}],"replies":[{"embeddable":true,"href":"http:\/\/sanvitoesomaschini.demobbl.it\/fr\/wp-json\/wp\/v2\/comments?post=722"}],"version-history":[{"count":5,"href":"http:\/\/sanvitoesomaschini.demobbl.it\/fr\/wp-json\/wp\/v2\/pages\/722\/revisions"}],"predecessor-version":[{"id":1052,"href":"http:\/\/sanvitoesomaschini.demobbl.it\/fr\/wp-json\/wp\/v2\/pages\/722\/revisions\/1052"}],"wp:featuredmedia":[{"embeddable":true,"href":"http:\/\/sanvitoesomaschini.demobbl.it\/fr\/wp-json\/wp\/v2\/media\/399"}],"wp:attachment":[{"href":"http:\/\/sanvitoesomaschini.demobbl.it\/fr\/wp-json\/wp\/v2\/media?parent=722"}],"curies":[{"name":"wp","href":"https:\/\/api.w.org\/{rel}","templated":true}]}}